{"id":2,"date":"2016-05-10T03:48:21","date_gmt":"2016-05-10T03:48:21","guid":{"rendered":"http:\/\/vermessung-suederelbe.de\/?page_id=2"},"modified":"2022-08-25T14:55:13","modified_gmt":"2022-08-25T14:55:13","slug":"sample-page","status":"publish","type":"page","link":"https:\/\/vermessung-suederelbe.de\/","title":{"rendered":""},"content":{"rendered":"\n<p style=\"font-size:30px\"><strong>Diese Seite befindet sich aktuell im Aufbau.<\/strong><\/p>\n\n\n\n<div class=\"wp-container-6 wp-block-group alignfull has-background\" style=\"background-color:#f4f4f4\"><div class=\"wp-block-group__inner-container\">\n<div class=\"wp-container-5 wp-block-columns alignwide\">\n<div class=\"wp-container-4 wp-block-column is-vertically-aligned-top\">\n<div class=\"wp-container-3 wp-block-group\"><div class=\"wp-block-group__inner-container\">\n<div class=\"wp-container-2 wp-block-columns\">\n<div class=\"wp-container-1 wp-block-column\" style=\"flex-basis:100%\">\n<h1 class=\"has-x-large-font-size\">Leistung<\/h1>\n<\/div>\n<\/div>\n<\/div><\/div>\n\n\n\n<p>Mit unserer langj\u00e4hrigen Erfahrung stehen wir Ihnen als kompetenter Partner rund ums Thema Vermessung zur Seite. \u00dcberzeugen Sie sich von unserem Leistungsangebot und kommen Sie f\u00fcr individuelle Anfragen gerne auf uns zu.<\/p>\n\n\n\n<div style=\"height:5px\" aria-hidden=\"true\" class=\"wp-block-spacer\"><\/div>\n<\/div>\n<\/div>\n\n\n\n<h2>Ingenieurvermessung<\/h2>\n\n\n\n<ul><li>Vermessungsarbeiten f\u00fcr Autobahn- und Stra\u00dfenbau, inklusive s\u00e4mtlicher Absteckungen und Kontrollabnahmen.<\/li><li>H\u00f6henangaben f\u00fcr den Hochbau sowie Erd- und Tiefbau, z.B. Aushubtiefen, Deckenh\u00f6hen bezogen auf NHN oder Baunull.<\/li><li>Beweissicherung, Deformations- und Kontrollvermessungen in Lage und H\u00f6he mit Auswertung und Ergebnisanalyse.<\/li><li>Absteckarbeiten f\u00fcr Baugrundverbesserungen<\/li><\/ul>\n\n\n\n<h2>Bauabrechnung<\/h2>\n\n\n\n<ul><li>Ermittlung von Erdmassen \u00fcber digitale Gel\u00e4ndemodelle oder Querprofile nach REB 22.013 &amp; REB 21.013 mit zugeh\u00f6riger grafischer Darstellung, als Querprofil oder Modellzeichnung.<\/li><li>Erstellung der allgemeinen Bauabrechnung nach REB 23.003.<\/li><li>Ermittlung von Fl\u00e4chen, L\u00e4ngen und Darstellung in Abrechnungspl\u00e4nen und in gedruckter Form als Zusammenstellungen nach Leistungsverzeichnis (LV) Positionen u.\u00e4.<\/li><\/ul>\n\n\n\n<h2>Topografische Gel\u00e4ndeaufnahmen<\/h2>\n\n\n\n<ul><li>Erfassung von Gel\u00e4ndesituationen in Lage und H\u00f6he als Planungsgrundlage f\u00fcr Architekten und Bauherren in Form von digitalen Pl\u00e4nen in jeglichem Format und in ma\u00dfstabsgerechten Papierplotts.<\/li><li>Gel\u00e4ndeaufma\u00df nach Fertigstellung f\u00fcr die Abrechnung und Erstellung der Bestandspl\u00e4ne.<\/li><\/ul>\n\n\n\n<h2>Digitale Gel\u00e4ndemodelle f\u00fcr Maschinensteuerung<\/h2>\n\n\n\n<ul><li>Erstellung von DGM f\u00fcr die Steuerung von Baumaschinen (Grader, Raupen, Baggern etc.) in den verschiedensten Systemen wie Trimple, Topcon u.v.m.<\/li><\/ul>\n\n\n\n<h2>Planung &amp; Planerstellung<\/h2>\n\n\n\n<ul><li>Erstellung von Pl\u00e4nen nach Hamburger Normierungskatalog, Airbusstandard u.a., Anfertigung von Leitungspl\u00e4nen &amp; Schachtmasken f\u00fcr Energieversorger etc.<\/li><\/ul>\n\n\n\n<h2>Geb\u00e4udeabsteckung &amp; -einmessung<\/h2>\n\n\n\n<ul><li>Absteckung von Geb\u00e4udeecken nach Planungsvorgaben f\u00fcr ausf\u00fchrende Baufirmen.<\/li><li>Einmessung von Geb\u00e4uden f\u00fcr die \u00dcbernahme in das Liegenschaftskataster.<\/li><li>Absteckung von Achsen f\u00fcr Geb\u00e4udeerrichtung<\/li><\/ul>\n<\/div><\/div>\n\n\n\n<hr class=\"wp-block-separator has-alpha-channel-opacity is-style-default\"\/>\n\n\n\n<h2 class=\"has-text-align-center\">Sie haben ein Anliegen?<\/h2>\n\n\n\n<p>Wir sind f\u00fcr Sie da. Kontaktieren Sie uns und wir besprechen gemeinsam, wie wir Sie unterst\u00fctzen k\u00f6nnen.<\/p>\n\n\n\n<div class=\"wp-container-9 wp-block-columns\">\n<div class=\"wp-container-7 wp-block-column\">\n<h3>Telefon<\/h3>\n\n\n\n<p>Gerne sind wir telefonisch f\u00fcr Sie erreichbar.<\/p>\n\n\n\n<p> 040-86696888<\/p>\n<\/div>\n\n\n\n<div class=\"wp-container-8 wp-block-column\">\n<h3>E-Mail<\/h3>\n\n\n\n<p>Kontaktieren Sie uns per E-Mail.<\/p>\n\n\n\n<p> info@vermessung-suederelbe.de<\/p>\n<\/div>\n<\/div>\n","protected":false},"excerpt":{"rendered":"<p>Diese Seite befindet sich aktuell im Aufbau. Leistung Mit unserer langj\u00e4hrigen Erfahrung stehen wir Ihnen als kompetenter Partner rund ums Thema Vermessung zur Seite. \u00dcberzeugen Sie sich von unserem Leistungsangebot und kommen Sie f\u00fcr individuelle Anfragen gerne auf uns zu. Ingenieurvermessung Vermessungsarbeiten f\u00fcr Autobahn- und Stra\u00dfenbau, inklusive s\u00e4mtlicher Absteckungen und Kontrollabnahmen. H\u00f6henangaben f\u00fcr den Hochbau &hellip; <\/p>\n<p class=\"link-more\"><a href=\"https:\/\/vermessung-suederelbe.de\/\" class=\"more-link\"><span class=\"screen-reader-text\">\u201e\u201c<\/span> weiterlesen<\/a><\/p>\n","protected":false},"author":1,"featured_media":0,"parent":0,"menu_order":0,"comment_status":"closed","ping_status":"open","template":"","meta":[],"_links":{"self":[{"href":"https:\/\/vermessung-suederelbe.de\/index.php?rest_route=\/wp\/v2\/pages\/2"}],"collection":[{"href":"https:\/\/vermessung-suederelbe.de\/index.php?rest_route=\/wp\/v2\/pages"}],"about":[{"href":"https:\/\/vermessung-suederelbe.de\/index.php?rest_route=\/wp\/v2\/types\/page"}],"author":[{"embeddable":true,"href":"https:\/\/vermessung-suederelbe.de\/index.php?rest_route=\/wp\/v2\/users\/1"}],"replies":[{"embeddable":true,"href":"https:\/\/vermessung-suederelbe.de\/index.php?rest_route=%2Fwp%2Fv2%2Fcomments&post=2"}],"version-history":[{"count":12,"href":"https:\/\/vermessung-suederelbe.de\/index.php?rest_route=\/wp\/v2\/pages\/2\/revisions"}],"predecessor-version":[{"id":60,"href":"https:\/\/vermessung-suederelbe.de\/index.php?rest_route=\/wp\/v2\/pages\/2\/revisions\/60"}],"wp:attachment":[{"href":"https:\/\/vermessung-suederelbe.de\/index.php?rest_route=%2Fwp%2Fv2%2Fmedia&parent=2"}],"curies":[{"name":"wp","href":"https:\/\/api.w.org\/{rel}","templated":true}]}}