{"id":26,"date":"2022-08-17T17:27:11","date_gmt":"2022-08-17T17:27:11","guid":{"rendered":"https:\/\/vermessung-suederelbe.de\/?page_id=26"},"modified":"2022-08-25T14:53:48","modified_gmt":"2022-08-25T14:53:48","slug":"impressum-gemaess-%c2%a7-5-tmg","status":"publish","type":"page","link":"https:\/\/vermessung-suederelbe.de\/?page_id=26","title":{"rendered":"Impressum gem\u00e4\u00df \u00a7 5 TMG"},"content":{"rendered":"\n<p><strong>Name und Anschrift:<\/strong><br>DS Vermessung S\u00fcderelbe GmbH<br>Neue Stra\u00dfe 35a<br>21073 Hamburg<br>Tel.: 040 \u2013 86 69 68 88<\/p>\n\n\n\n<p>E-Mail: info@vermessung-suederelbe.de<br>Webseite: www.vermessung-suederelbe.de<\/p>\n\n\n\n<p><strong>Gesch\u00e4ftsf\u00fchrer<\/strong>:<br>Alexander Diermaier<br>Jan Seelig<\/p>\n\n\n\n<p><strong>Registereintragungen<\/strong><br>Sitz der Gesellschaft: Hamburg<br>Registergericht: Amtsgericht Hamburg<br>Registernummer: HRB 175470<\/p>\n\n\n\n<p><strong>Steuernummer<\/strong><br>47\/716\/01133<\/p>\n\n\n\n<p>Inhaltlich Verantwortlich gem\u00e4\u00df \u00a7 5 Telemediengesetz: Alexander Diermaier, Jan Seelig (Gesch\u00e4ftsf\u00fchrer, Anschrift wie oben)<\/p>\n\n\n\n<p><\/p>\n\n\n\n<p><strong>Berufshaftpflichtversicherung:<\/strong><br>AXA Versicherung AG <br>Bereich Industriekunden S\u00fcd<br>51171 K\u00f6ln<\/p>\n\n\n\n<p><strong>Hinweis zum Copyright<\/strong><br>Die auf dieser Website enthaltenen Informationen sind durch das Urheberrecht und andere Rechte gesch\u00fctzt. Copyright \u00a9 2022 DS Vermessung S\u00fcderelbe GmbH Hamburg. Alle Rechte vorbehalten.<\/p>\n\n\n\n<p>Bildmaterial: unsplash.com Lizenzgeber: patrick-hendry-0rjwsBf5its-unsplash<br><br><strong>Haftungshinweis<\/strong><br>DS Vermessung S\u00fcderelbe ist stets bem\u00fcht, qualitativ hochwertige Informationen zur Verf\u00fcgung zu stellen. F\u00fcr die Aktualit\u00e4t, Korrektheit, Vollst\u00e4ndigkeit oder Qualit\u00e4t der bereitgestellten Informationen kann DS Vermessung S\u00fcderelbe GmbH keine Gew\u00e4hr \u00fcbernehmen. Haftungsanspr\u00fcche gegen DS Vermessung S\u00fcderelbe, die sich auf Sch\u00e4den materieller oder ideeller Art beziehen, welche durch die Nutzung oder Nichtnutzung der dargebotenen Informationen bzw. durch die Nutzung fehlerhafter und unvollst\u00e4ndiger Informationen verursacht wurden, sind grunds\u00e4tzlich ausgeschlossen, sofern seitens des Autors kein nachweislich vors\u00e4tzliches oder grob fahrl\u00e4ssiges Verschulden vorliegt. Alle Angebote sind freibleibend und unverbindlich. DS Vermessung GmbH beh\u00e4lt es sich ausdr\u00fccklich vor, Teile der Seiten oder das gesamte Angebot ohne gesonderte Ank\u00fcndigung zu ver\u00e4ndern, zu erg\u00e4nzen, zu l\u00f6schen oder die Ver\u00f6ffentlichung zeitweise oder endg\u00fcltig einzustellen.<\/p>\n\n\n\n<p>Trotz sorgf\u00e4ltiger inhaltlicher Kontrolle \u00fcbernehmen wir keine Haftung f\u00fcr Inhalte externer Links. Deshalb distanzieren wir uns hiermit ausdr\u00fccklich von gegen Gesetze oder gute Sitten versto\u00dfenden Inhalten aller verlinkten Seiten und machen uns ihre Inhalte nicht zu Eigen. Bei Kenntnis von Verst\u00f6\u00dfen weisen wir die Betreiber auf diesen Umstand hin und l\u00f6schen ggf. betroffene Links. F\u00fcr den Inhalt der verlinkten Seiten sind ausschlie\u00dflich deren Betreiber verantwortlich. Diese Erkl\u00e4rung gilt f\u00fcr alle auf unseren Seiten angebrachten Links zu fremden Seiten.<\/p>\n\n\n\n<p><strong>Datenschutz<\/strong><br>Informationen zum Datenschutz finden Sie in der <a href=\"http:\/\/vermessung-bielefeld.de\/20180226\/datenschutzerklaerung\/\">Datenschutzerkl\u00e4rung<\/a>.<\/p>\n","protected":false},"excerpt":{"rendered":"<p>Name und Anschrift:DS Vermessung S\u00fcderelbe GmbHNeue Stra\u00dfe 35a21073 HamburgTel.: 040 \u2013 86 69 68 88 E-Mail: info@vermessung-suederelbe.deWebseite: www.vermessung-suederelbe.de Gesch\u00e4ftsf\u00fchrer:Alexander DiermaierJan Seelig RegistereintragungenSitz der Gesellschaft: HamburgRegistergericht: Amtsgericht HamburgRegisternummer: HRB 175470 Steuernummer47\/716\/01133 Inhaltlich Verantwortlich gem\u00e4\u00df \u00a7 5 Telemediengesetz: Alexander Diermaier, Jan Seelig (Gesch\u00e4ftsf\u00fchrer, Anschrift wie oben) Berufshaftpflichtversicherung:AXA Versicherung AG Bereich Industriekunden S\u00fcd51171 K\u00f6ln Hinweis zum CopyrightDie auf &hellip; <\/p>\n<p class=\"link-more\"><a href=\"https:\/\/vermessung-suederelbe.de\/?page_id=26\" class=\"more-link\"><span class=\"screen-reader-text\">\u201eImpressum gem\u00e4\u00df \u00a7 5 TMG\u201c<\/span> weiterlesen<\/a><\/p>\n","protected":false},"author":1,"featured_media":0,"parent":0,"menu_order":0,"comment_status":"closed","ping_status":"closed","template":"","meta":[],"_links":{"self":[{"href":"https:\/\/vermessung-suederelbe.de\/index.php?rest_route=\/wp\/v2\/pages\/26"}],"collection":[{"href":"https:\/\/vermessung-suederelbe.de\/index.php?rest_route=\/wp\/v2\/pages"}],"about":[{"href":"https:\/\/vermessung-suederelbe.de\/index.php?rest_route=\/wp\/v2\/types\/page"}],"author":[{"embeddable":true,"href":"https:\/\/vermessung-suederelbe.de\/index.php?rest_route=\/wp\/v2\/users\/1"}],"replies":[{"embeddable":true,"href":"https:\/\/vermessung-suederelbe.de\/index.php?rest_route=%2Fwp%2Fv2%2Fcomments&post=26"}],"version-history":[{"count":6,"href":"https:\/\/vermessung-suederelbe.de\/index.php?rest_route=\/wp\/v2\/pages\/26\/revisions"}],"predecessor-version":[{"id":58,"href":"https:\/\/vermessung-suederelbe.de\/index.php?rest_route=\/wp\/v2\/pages\/26\/revisions\/58"}],"wp:attachment":[{"href":"https:\/\/vermessung-suederelbe.de\/index.php?rest_route=%2Fwp%2Fv2%2Fmedia&parent=26"}],"curies":[{"name":"wp","href":"https:\/\/api.w.org\/{rel}","templated":true}]}}